{"id":17017,"date":"2022-01-05T16:23:08","date_gmt":"2022-01-05T15:23:08","guid":{"rendered":"https:\/\/www.irenedurbano.it\/?page_id=17017"},"modified":"2022-01-05T16:23:08","modified_gmt":"2022-01-05T15:23:08","slug":"privacy-policy-eu","status":"publish","type":"page","link":"https:\/\/www.irenedurbano.it\/en\/privacy-policy-eu\/","title":{"rendered":"Privacy Policy (EU)"},"content":{"rendered":"\n<!-- Legal document generated by Complianz | GDPR\/CCPA Cookie Consent https:\/\/wordpress.org\/plugins\/complianz-gdpr -->\n<div id=\"cmplz-document\" class=\"cmplz-document privacy-statement cmplz-document-eu\"><p><i>This privacy statement was last updated on 7 November 2024 and applies to citizens and legal permanent residents of the European Economic Area and Switzerland.<\/i><br \/><br \/><\/p><p><p>In this privacy statement, we explain what we do with the data we obtain about you via <a href=\"https:\/\/www.irenedurbano.it\/en\/\">https:\/\/www.irenedurbano.it\/en\/<\/a>. We recommend you carefully read this statement. In our processing we comply with the requirements of privacy legislation. That means, among other things, that:<\/p><ul>\n                <li>we clearly state the purposes for which we process personal data. We do this by means of this privacy statement;<\/li>\n                <li>we aim to limit our collection of personal data to only the personal data required for legitimate purposes;<\/li>\n                <li>we first request your explicit consent to process your personal data in cases requiring your consent;<\/li>\n                <li>we take appropriate security measures to protect your personal data and also require this from parties that process personal data on our behalf;<\/li>\n                <li>we respect your right to access your personal data or have it corrected or deleted, at your request.<\/li>\n            <\/ul><p>If you have any questions, or want to know exactly what data we keep of you, please contact us.<\/p><\/p><h2>1. Purpose, data and retention period<\/h2>We may collect or receive personal information for a number of purposes connected with our business operations which may include the following: (click to expand)<details class=\"cmplz-dropdown dropdown-privacy-statement\"><summary><div><h3>1.1 To support services or products that a customer wants to buy or has purchased<\/h3><\/div><\/summary><p class=\"cmplz-subtitle\">For this purpose we use the following data:<\/p><p><ul><li>A first and last name<\/li><li>A home or other physical address, including street name and name of a city or town<\/li><li>An email address<\/li><li>Account name or alias<\/li><\/ul><\/p><p class=\"cmplz-subtitle\">The basis on which we may process these data is:<\/p><p><a target=\"_blank\" rel=\"noopener noreferrer nofollow\" href=\"https:\/\/cookiedatabase.org\/legal-bases\/#consent\">Upon the provision of consent.<\/a><\/p><p class=\"cmplz-subtitle\">Retention period<\/p><p>We retain this data until the service is terminated.<\/p><\/details><details class=\"cmplz-dropdown dropdown-privacy-statement\"><summary><div><h3>1.2 Registering an account<\/h3><\/div><\/summary><p class=\"cmplz-subtitle\">For this purpose we use the following data:<\/p><p><ul><li>Account name or alias<\/li><li>An email address<\/li><li>A first and last name<\/li><\/ul><\/p><p class=\"cmplz-subtitle\">The basis on which we may process these data is:<\/p><p><a target=\"_blank\" rel=\"noopener noreferrer nofollow\" href=\"https:\/\/cookiedatabase.org\/legal-bases\/#consent\">Upon the provision of consent.<\/a><\/p><p class=\"cmplz-subtitle\">Retention period<\/p><p>Upon termination of the service we retain this data for the following period: 12 mesi.<\/p><\/details><details class=\"cmplz-dropdown dropdown-privacy-statement\"><summary><div><h3>1.3 Compiling and analyzing statistics for website improvement.<\/h3><\/div><\/summary><p class=\"cmplz-subtitle\">For this purpose we use the following data:<\/p><p><ul><\/ul><\/p><p class=\"cmplz-subtitle\">The basis on which we may process these data is:<\/p><p class=\"cmplz-subtitle\">Retention period<\/p><p>We retain this data until the service is terminated.<\/p><\/details><details class=\"cmplz-dropdown dropdown-privacy-statement\"><summary><div><h3>1.4 Newsletters<\/h3><\/div><\/summary><p class=\"cmplz-subtitle\">For this purpose we use the following data:<\/p><p><ul><\/ul><\/p><p class=\"cmplz-subtitle\">The basis on which we may process these data is:<\/p><p class=\"cmplz-subtitle\">Retention period<\/p><p>We retain this data until the service is terminated.<\/p><\/details><details class=\"cmplz-dropdown dropdown-privacy-statement\"><summary><div><h3>1.5 Contact - Through phone, mail, email and\/or webforms<\/h3><\/div><\/summary><p class=\"cmplz-subtitle\">For this purpose we use the following data:<\/p><p><ul><li>A first and last name<\/li><li>An email address<\/li><li>A telephone number<\/li><li>IP Address<\/li><li>Geolocation data<\/li><\/ul><\/p><p class=\"cmplz-subtitle\">The basis on which we may process these data is:<\/p><p><a target=\"_blank\" rel=\"noopener noreferrer nofollow\" href=\"https:\/\/cookiedatabase.org\/legal-bases\/#consent\">Upon the provision of consent.<\/a><\/p><p class=\"cmplz-subtitle\">Retention period<\/p><p>We retain this data until the service is terminated.<\/p><\/details><h2>2. Cookies<\/h2><p>Our website uses cookies. For more information about cookies, please refer to our <a href=\"https:\/\/www.irenedurbano.it\/en\/cookie-policy-eu\/\">Cookie Policy<\/a>.&nbsp;<\/p><h2>3. Disclosure practices<\/h2><p><p>We disclose personal information if we are required by law or by a court order, in response to a law enforcement agency, to the extent permitted under other provisions of law, to provide information, or for an investigation on a matter related to public safety.<\/p><p>If our website or organisation is taken over, sold, or involved in a merger or acquisition, your details may be disclosed to our advisers and any prospective purchasers and will be passed on to the new owners.<\/p><\/p><h2>4. Security<\/h2><p>We are committed to the security of personal data. We take appropriate security measures to limit abuse of and unauthorized access to personal data. This ensures that only the necessary persons have access to your data, that access to the data is protected, and that our security measures are regularly reviewed.<\/p><h2>5. Third-party websites<\/h2><p>This privacy statement does not apply to third-party websites connected by links on our website. We cannot guarantee that these third parties handle your personal data in a reliable or secure manner. We recommend you read the privacy statements of these websites prior to making use of these websites.<\/p><h2>6. Amendments to this privacy statement<\/h2><p>We reserve the right to make amendments to this privacy statement. It is recommended that you consult this privacy statement regularly in order to be aware of any changes. In addition, we will actively inform you wherever possible.<\/p><h2>7. Accessing and modifying your data<\/h2><p>If you have any questions or want to know which personal data we have about you, please contact us. You can contact us by using the information below. You have the following rights:<\/p><ul>\n                <li>You have the right to know why your personal data is needed, what will happen to it, and how long it will be retained for.<\/li>\n                <li>Right of access: You have the right to access your personal data that is known to us.<\/li>\n                <li>Right to rectification: you have the right to supplement, correct, have deleted or blocked your personal data whenever you wish.<\/li>\n                <li>If you give us your consent to process your data, you have the right to revoke that consent and to have your personal data deleted.<\/li>\n                <li>Right to transfer your data: you have the right to request all your personal data from the controller and transfer it in its entirety to another controller.<\/li>\n                <li>Right to object: you may object to the processing of your data. We comply with this, unless there are justified grounds for processing.<\/li>\n            <\/ul><p>Please make sure to always clearly state who you are, so that we can be certain that we do not modify or delete any data of the wrong person.<\/p><h2>8. Submitting a complaint<\/h2><p>If you are not satisfied with the way in which we handle (a complaint about) the processing of your personal data, you have the right to submit a complaint to the Data Protection Authority.<\/p><h2>9. Contact details<\/h2><p>Irene Durbano<br \/>\n        Via Pier Carlo Boggio, 3512100 Cuneo CN<br \/>\n        Italy<br \/>\n        Website: <a href=\"https:\/\/www.irenedurbano.it\/en\/\">https:\/\/www.irenedurbano.it\/en\/<\/a> <br \/>\n        Email: <span class=\"cmplz-obfuscate\">i&#110;&#102;&#111;@<span class=\"cmplz-fmail-domain\">ex&#046;c&#111;&#109;<\/span>&#105;r&#101;&#110;&#101;&#100;ur&#098;ano.i&#116;<\/span> <br \/>\n        Phone number: +39 333 95 84 707<\/p><h2>Annex<\/h2><p><h3>Pagamento PayPal<\/h3>\r\nUtilizzando questa estensione, \u00e8 possibile memorizzare dati personali o condividere dati con un servizio esterno. Scopri di pi\u00f9 su come funziona, incluso ci\u00f2 che potresti voler includere nella tua privacy policy.\r\n<h3>Complianz | The Privacy Suite for WordPress<\/h3>\r\nQuesto sito web utilizza la Privacy Suite per WordPress di Complianz per raccogliere record di consenso.\u00a0Per questa funzionalit\u00e0 il tuo indirizzo IP \u00e8 reso anonimo e memorizzato nel nostro database.\u00a0Per ulteriori informazioni, vedere la <a href=\"https:\/\/complianz.io\/privacy-statement\/\" target=\"_blank\" rel=\"noopener\">Dichiarazione sulla Privacy<\/a> di Complianz.\r\n<h3>WooCommerce<\/h3>\r\n<div class=\"wp-suggested-text\">\r\n<p class=\"privacy-policy-tutorial\">Questo linguaggio campione include gli elementi di base su raccolta dei dati personali, la memorizzazione e la condivisione, nonch\u00e9 su chi \u00e8 autorizzato ad accedere a tali dati. In base alle impostazioni abilitate e ai plugin aggiuntivi utilizzati, le informazioni specifiche condivise dal nostro negozio possono variare. Ti consigliamo di consultare un legale al momento di decidere quali informazioni divulgare sulla tua informativa sulla privacy.<\/p>\r\nDurante la procedura di pagamento nel nostro negozio raccogliamo informazioni su di te.\r\n<h2>Cosa raccogliamo e salviamo<\/h2>\r\nMentre visiti il nostro sito, tracciamo:\r\n<ul>\r\n \t<li>I prodotti che hai visualizzato: useremo queste informazioni per, ad esempio, mostrarti i prodotti che hai visualizzato di recente<\/li>\r\n \t<li>Posizione, indirizzo IP e tipo di browser: useremo queste informazioni per una stima di imposte e spedizione<\/li>\r\n \t<li>Indirizzo di spedizione: ti chiederemo di inserirlo per, ad esempio, stimare la spedizione prima che tu effettui l\u2019ordine e per inviarti quanto acquistato!<\/li>\r\n<\/ul>\r\nUseremo i cookie anche per tenere traccia del contenuto del carrello mentre stai navigando sul nostro sito.\r\n<p class=\"privacy-policy-tutorial\">Nota: per ulteriori dettagli sulla informativa sui cookie, da qui verrai collegato alla sezione.<\/p>\r\nQuando effettui un acquisto presso di noi, ti invitiamo a fornire informazioni quali nome, indirizzo di fatturazione, indirizzo di spedizione, indirizzo e-mail, numero di telefono, numero di carta di credito\/dettagli del pagamento e informazioni opzionali sull\u2019account, come il nome utente e la password. Useremo queste informazioni per scopi quali:\r\n<ul>\r\n \t<li>Ti inviamo informazioni sull\u2019account e sull\u2019ordine<\/li>\r\n \t<li>Rispondiamo alle tue richieste, inclusi reclami e rimborsi<\/li>\r\n \t<li>Elaborazione dei pagamenti e prevenzione delle frodi<\/li>\r\n \t<li>Configura il tuo account per il nostro negozio<\/li>\r\n \t<li>Rispetta tutti gli obblighi legali a nostro carico, come il calcolo delle imposte<\/li>\r\n \t<li>Migliora le offerte del nostro negozio<\/li>\r\n \t<li>Invio di messaggi di marketing, se scegli di riceverli<\/li>\r\n<\/ul>\r\nSe crei un account, archivieremo il tuo nome, indirizzo, email e numero di telefono: questi dati verranno poi usati per popolare la cassa nei tuoi ordini futuri.\r\n\r\nIn generale conserviamo le tue informazioni finch\u00e9 ne abbiamo bisogno per le finalit\u00e0 per le quali raccogliamo e utilizziamo i dati e finch\u00e9 siamo legalmente tenuti a continuare a mantenerli. Ad esempio, archiviamo le informazioni sull\u2019ordine per XXX anni per ragioni fiscali e di contabilit\u00e0. Tali informazioni includono nome, indirizzo e-mail e indirizzi di fatturazione e spedizione.\r\n\r\nArchiviamo anche commenti e recensioni, se scegli di lasciarceli.\r\n<h2>Persone del nostro team che hanno accesso<\/h2>\r\nI membri del nostro team hanno accesso alle informazioni che ci fornisci. Per esempio, sia gli amministratori che gli shop manager possono accedere a:\r\n<ul>\r\n \t<li>Informazioni sull\u2019ordine quali, oggetto acquistato, data di acquisto e luogo di spedizione e<\/li>\r\n \t<li>Informazioni sul cliente come il tuo nome, indirizzo email e informazioni di fatturazione e spedizione.<\/li>\r\n<\/ul>\r\nI membri del nostro team hanno accesso a queste informazioni per aiutare a soddisfare gli ordini, elaborare i rimborsi e supportarti.\r\n<h2>Cosa condividiamo con gli altri<\/h2>\r\n<p class=\"privacy-policy-tutorial\">In questa sezione devi elencare con chi condividi i dati e a quale scopo. Potrebbero includere, ma non limitarsi a questo, analisi, marketing, gateway di pagamento, fornitori di spedizioni e incorporazioni di terze parti.<\/p>\r\nCondividiamo le informazioni con terze parti che ci aiutano a fornire servizi del negozio e per gli ordini; ad esempio --\r\n<h3>Pagamenti<\/h3>\r\n<p class=\"privacy-policy-tutorial\">In questa sezione secondaria, devi elencare i processori di pagamento di terze parti che utilizzi per i pagamenti sul tuo negozio poich\u00e9 questi potrebbero gestire i dati dei clienti. Abbiamo incluso PayPal come esempio, ma se non usi PayPal puoi rimuoverlo.<\/p>\r\nAccettiamo pagamenti tramite PayPal. Durante l'elaborazione dei pagamenti, alcuni dati vengono trasferiti a PayPal, incluse le informazioni necessarie per elaborare o supportare il pagamento, come il totale degli acquisti e i dati di fatturazione.\r\n\r\nPer ulteriori dettagli, consulta la <a href=\"https:\/\/www.paypal.com\/us\/webapps\/mpp\/ua\/privacy-full\"> privacy policy di PayPal <\/a>.\r\n\r\n<\/div>\r\n<h3>WPML<\/h3>\r\nWPML utilizza i cookie per identificare la lingua del visitatore corrente, quella dell'ultima visita e quella degli utenti che hanno effettuato l'accesso.\r\n\r\nQuando si utilizza il plugin, WPML condivider\u00e0 i dati relativi al sito tramite il programma di installazione. Non verr\u00e0 condiviso nessun dato personale dell'utente.<\/p><\/div>\n","protected":false},"excerpt":{"rendered":"This privacy statement was last updated on 7 November 2024 and applies to citizens and legal permanent residents of the European Economic Area and Switzerland.In this privacy statement, we explain","protected":false},"author":1,"featured_media":0,"parent":0,"menu_order":0,"comment_status":"closed","ping_status":"closed","template":"","meta":{"_acf_changed":false,"footnotes":""},"class_list":["post-17017","page","type-page","status-publish","hentry"],"acf":[],"yoast_head":"<!-- This site is optimized with the Yoast SEO plugin v27.0 - https:\/\/yoast.com\/product\/yoast-seo-wordpress\/ -->\n<title>Privacy Policy (EU) - Irene Durbano<\/title>\n<meta name=\"robots\" content=\"index, follow, max-snippet:-1, max-image-preview:large, max-video-preview:-1\" \/>\n<link rel=\"canonical\" href=\"https:\/\/www.irenedurbano.it\/en\/privacy-policy-eu\/\" \/>\n<meta property=\"og:locale\" content=\"en_US\" \/>\n<meta property=\"og:type\" content=\"article\" \/>\n<meta property=\"og:title\" content=\"Privacy Policy (EU) - Irene Durbano\" \/>\n<meta property=\"og:url\" content=\"https:\/\/www.irenedurbano.it\/en\/privacy-policy-eu\/\" \/>\n<meta property=\"og:site_name\" content=\"Irene Durbano\" \/>\n<meta property=\"article:publisher\" content=\"http:\/\/www.facebook.com\/quadriastrattimoderni\" \/>\n<meta name=\"twitter:card\" content=\"summary_large_image\" \/>\n<meta name=\"twitter:site\" content=\"@quadrimoderni\" \/>\n<meta name=\"twitter:label1\" content=\"Est. reading time\" \/>\n\t<meta name=\"twitter:data1\" content=\"1 minute\" \/>\n<!-- \/ Yoast SEO plugin. -->","yoast_head_json":{"title":"Privacy Policy (EU) - Irene Durbano","robots":{"index":"index","follow":"follow","max-snippet":"max-snippet:-1","max-image-preview":"max-image-preview:large","max-video-preview":"max-video-preview:-1"},"canonical":"https:\/\/www.irenedurbano.it\/en\/privacy-policy-eu\/","og_locale":"en_US","og_type":"article","og_title":"Privacy Policy (EU) - Irene Durbano","og_url":"https:\/\/www.irenedurbano.it\/en\/privacy-policy-eu\/","og_site_name":"Irene Durbano","article_publisher":"http:\/\/www.facebook.com\/quadriastrattimoderni","twitter_card":"summary_large_image","twitter_site":"@quadrimoderni","twitter_misc":{"Est. reading time":"1 minute"},"schema":{"@context":"https:\/\/schema.org","@graph":[{"@type":"WebPage","@id":"https:\/\/www.irenedurbano.it\/en\/privacy-policy-eu\/","url":"https:\/\/www.irenedurbano.it\/en\/privacy-policy-eu\/","name":"Privacy Policy (EU) - Irene Durbano","isPartOf":{"@id":"https:\/\/www.irenedurbano.it\/#website"},"datePublished":"2022-01-05T15:23:08+00:00","breadcrumb":{"@id":"https:\/\/www.irenedurbano.it\/en\/privacy-policy-eu\/#breadcrumb"},"inLanguage":"en-US","potentialAction":[{"@type":"ReadAction","target":["https:\/\/www.irenedurbano.it\/en\/privacy-policy-eu\/"]}]},{"@type":"BreadcrumbList","@id":"https:\/\/www.irenedurbano.it\/en\/privacy-policy-eu\/#breadcrumb","itemListElement":[{"@type":"ListItem","position":1,"name":"Home","item":"https:\/\/www.irenedurbano.it\/en\/"},{"@type":"ListItem","position":2,"name":"Privacy Policy (EU)"}]},{"@type":"WebSite","@id":"https:\/\/www.irenedurbano.it\/#website","url":"https:\/\/www.irenedurbano.it\/","name":"Irene Durbano","description":"","publisher":{"@id":"https:\/\/www.irenedurbano.it\/#organization"},"potentialAction":[{"@type":"SearchAction","target":{"@type":"EntryPoint","urlTemplate":"https:\/\/www.irenedurbano.it\/?s={search_term_string}"},"query-input":{"@type":"PropertyValueSpecification","valueRequired":true,"valueName":"search_term_string"}}],"inLanguage":"en-US"},{"@type":"Organization","@id":"https:\/\/www.irenedurbano.it\/#organization","name":"Irene Durbano","url":"https:\/\/www.irenedurbano.it\/","logo":{"@type":"ImageObject","inLanguage":"en-US","@id":"https:\/\/www.irenedurbano.it\/#\/schema\/logo\/image\/","url":"https:\/\/www.irenedurbano.it\/wp-content\/uploads\/2021\/11\/Logo-nero-lungo-jpeg-2-e1638192851432.jpg","contentUrl":"https:\/\/www.irenedurbano.it\/wp-content\/uploads\/2021\/11\/Logo-nero-lungo-jpeg-2-e1638192851432.jpg","width":384,"height":125,"caption":"Irene Durbano"},"image":{"@id":"https:\/\/www.irenedurbano.it\/#\/schema\/logo\/image\/"},"sameAs":["http:\/\/www.facebook.com\/quadriastrattimoderni","https:\/\/x.com\/quadrimoderni","https:\/\/www.instagram.com\/irey82\/","https:\/\/www.linkedin.com\/in\/irene-durbano-0972a544\/","https:\/\/it.pinterest.com\/Quadriastratti\/","http:\/\/www.youtube.com\/irenedurbano\/"]}]}},"_links":{"self":[{"href":"https:\/\/www.irenedurbano.it\/en\/wp-json\/wp\/v2\/pages\/17017","targetHints":{"allow":["GET"]}}],"collection":[{"href":"https:\/\/www.irenedurbano.it\/en\/wp-json\/wp\/v2\/pages"}],"about":[{"href":"https:\/\/www.irenedurbano.it\/en\/wp-json\/wp\/v2\/types\/page"}],"author":[{"embeddable":true,"href":"https:\/\/www.irenedurbano.it\/en\/wp-json\/wp\/v2\/users\/1"}],"replies":[{"embeddable":true,"href":"https:\/\/www.irenedurbano.it\/en\/wp-json\/wp\/v2\/comments?post=17017"}],"version-history":[{"count":2,"href":"https:\/\/www.irenedurbano.it\/en\/wp-json\/wp\/v2\/pages\/17017\/revisions"}],"predecessor-version":[{"id":17020,"href":"https:\/\/www.irenedurbano.it\/en\/wp-json\/wp\/v2\/pages\/17017\/revisions\/17020"}],"wp:attachment":[{"href":"https:\/\/www.irenedurbano.it\/en\/wp-json\/wp\/v2\/media?parent=17017"}],"curies":[{"name":"wp","href":"https:\/\/api.w.org\/{rel}","templated":true}]}}